{"id":73,"date":"2018-10-23T08:32:35","date_gmt":"2018-10-23T08:32:35","guid":{"rendered":"https:\/\/futuriodemos.com\/default-demo\/?page_id=72"},"modified":"2024-10-23T20:00:55","modified_gmt":"2024-10-23T20:00:55","slug":"contact","status":"publish","type":"page","link":"https:\/\/eibe.org.pl\/pl\/?page_id=73","title":{"rendered":"KONTAKT"},"content":{"rendered":"<div data-elementor-type=\"wp-post\" data-elementor-id=\"73\" class=\"elementor elementor-73\">\n\t\t\t\t<div class=\"elementor-element elementor-element-a7c7452 e-flex e-con-boxed e-con e-parent\" data-id=\"a7c7452\" data-element_type=\"container\">\n\t\t\t\t\t<div class=\"e-con-inner\">\n\t\t\t\t<div class=\"elementor-element elementor-element-db6dc9c elementor-widget elementor-widget-spacer\" data-id=\"db6dc9c\" data-element_type=\"widget\" data-widget_type=\"spacer.default\">\n\t\t\t\t<div class=\"elementor-widget-container\">\n\t\t\t\t\t<div class=\"elementor-spacer\">\n\t\t\t<div class=\"elementor-spacer-inner\"><\/div>\n\t\t<\/div>\n\t\t\t\t<\/div>\n\t\t\t\t<\/div>\n\t\t\t\t<div class=\"elementor-element elementor-element-e1e7753 elementor-invisible elementor-widget elementor-widget-heading\" data-id=\"e1e7753\" data-element_type=\"widget\" data-settings=\"{&quot;_animation&quot;:&quot;rollIn&quot;}\" data-widget_type=\"heading.default\">\n\t\t\t\t<div class=\"elementor-widget-container\">\n\t\t\t<h1 class=\"elementor-heading-title elementor-size-default\">KONTAKT<\/h1>\t\t<\/div>\n\t\t\t\t<\/div>\n\t\t\t\t<div class=\"elementor-element elementor-element-5ec1c6c elementor-widget elementor-widget-spacer\" data-id=\"5ec1c6c\" data-element_type=\"widget\" data-widget_type=\"spacer.default\">\n\t\t\t\t<div class=\"elementor-widget-container\">\n\t\t\t\t\t<div class=\"elementor-spacer\">\n\t\t\t<div class=\"elementor-spacer-inner\"><\/div>\n\t\t<\/div>\n\t\t\t\t<\/div>\n\t\t\t\t<\/div>\n\t\t\t\t\t<\/div>\n\t\t\t\t<\/div>\n\t\t\t\t<section class=\"elementor-section elementor-top-section elementor-element elementor-element-46b490f elementor-section-height-min-height elementor-section-boxed elementor-section-height-default elementor-section-items-middle\" data-id=\"46b490f\" data-element_type=\"section\" data-settings=\"{&quot;background_background&quot;:&quot;classic&quot;}\">\n\t\t\t\t\t\t\t<div class=\"elementor-background-overlay\"><\/div>\n\t\t\t\t\t\t\t<div class=\"elementor-container elementor-column-gap-default\">\n\t\t\t\t\t<div class=\"elementor-column elementor-col-100 elementor-top-column elementor-element elementor-element-06b0253 elementor-invisible\" data-id=\"06b0253\" data-element_type=\"column\" data-settings=\"{&quot;animation&quot;:&quot;fadeIn&quot;,&quot;animation_delay&quot;:0}\">\n\t\t\t<div class=\"elementor-widget-wrap elementor-element-populated\">\n\t\t\t\t\t\t<div class=\"elementor-element elementor-element-dca9933 elementor-widget elementor-widget-writing-effect-headline\" data-id=\"dca9933\" data-element_type=\"widget\" data-widget_type=\"writing-effect-headline.default\">\n\t\t\t\t<div class=\"elementor-widget-container\">\n\t\t\t        <h3 class=\"futurio-extra-written-headline\" data-speed=\"43\" data-delay=\"2000\" data-loop=\"1\">\r\n                    <span class=\"before-written\">Badania nad edukacj\u0105 w biznesie i technologii.<\/span>\r\n        \r\n        \r\n                <\/h3>\r\n        \t\t<\/div>\n\t\t\t\t<\/div>\n\t\t\t\t<div class=\"elementor-element elementor-element-8709495 elementor-widget elementor-widget-spacer\" data-id=\"8709495\" data-element_type=\"widget\" data-widget_type=\"spacer.default\">\n\t\t\t\t<div class=\"elementor-widget-container\">\n\t\t\t\t\t<div class=\"elementor-spacer\">\n\t\t\t<div class=\"elementor-spacer-inner\"><\/div>\n\t\t<\/div>\n\t\t\t\t<\/div>\n\t\t\t\t<\/div>\n\t\t\t\t<div class=\"elementor-element elementor-element-a5bb84e elementor-widget elementor-widget-image\" data-id=\"a5bb84e\" data-element_type=\"widget\" data-widget_type=\"image.default\">\n\t\t\t\t<div class=\"elementor-widget-container\">\n\t\t\t\t\t\t\t\t\t\t\t\t\t<img decoding=\"async\" width=\"300\" height=\"81\" src=\"https:\/\/eibe.org.pl\/wp-content\/uploads\/2024\/10\/logo-main-1-300x81.png\" class=\"attachment-medium size-medium wp-image-10\" alt=\"\" srcset=\"https:\/\/eibe.org.pl\/wp-content\/uploads\/2024\/10\/logo-main-1-300x81.png 300w, https:\/\/eibe.org.pl\/wp-content\/uploads\/2024\/10\/logo-main-1-1024x277.png 1024w, https:\/\/eibe.org.pl\/wp-content\/uploads\/2024\/10\/logo-main-1-768x208.png 768w, https:\/\/eibe.org.pl\/wp-content\/uploads\/2024\/10\/logo-main-1-1536x416.png 1536w, https:\/\/eibe.org.pl\/wp-content\/uploads\/2024\/10\/logo-main-1-2048x555.png 2048w\" sizes=\"(max-width: 300px) 100vw, 300px\" \/>\t\t\t\t\t\t\t\t\t\t\t\t\t<\/div>\n\t\t\t\t<\/div>\n\t\t\t\t\t<\/div>\n\t\t<\/div>\n\t\t\t\t\t<\/div>\n\t\t<\/section>\n\t\t<div class=\"elementor-element elementor-element-7fd78c5 e-flex e-con-boxed e-con e-parent\" data-id=\"7fd78c5\" data-element_type=\"container\">\n\t\t\t\t\t<div class=\"e-con-inner\">\n\t\t\t\t<div class=\"elementor-element elementor-element-38f3090 elementor-widget elementor-widget-spacer\" data-id=\"38f3090\" data-element_type=\"widget\" data-widget_type=\"spacer.default\">\n\t\t\t\t<div class=\"elementor-widget-container\">\n\t\t\t\t\t<div class=\"elementor-spacer\">\n\t\t\t<div class=\"elementor-spacer-inner\"><\/div>\n\t\t<\/div>\n\t\t\t\t<\/div>\n\t\t\t\t<\/div>\n\t\t\t\t\t<\/div>\n\t\t\t\t<\/div>\n\t\t\t\t<section class=\"elementor-section elementor-top-section elementor-element elementor-element-dd9fd55 elementor-section-content-middle elementor-section-boxed elementor-section-height-default elementor-section-height-default\" data-id=\"dd9fd55\" data-element_type=\"section\" data-settings=\"{&quot;background_background&quot;:&quot;classic&quot;}\">\n\t\t\t\t\t\t\t<div class=\"elementor-background-overlay\"><\/div>\n\t\t\t\t\t\t\t<div class=\"elementor-container elementor-column-gap-default\">\n\t\t\t\t\t<div class=\"elementor-column elementor-col-100 elementor-top-column elementor-element elementor-element-6a18906\" data-id=\"6a18906\" data-element_type=\"column\">\n\t\t\t<div class=\"elementor-widget-wrap elementor-element-populated\">\n\t\t\t\t\t\t<section class=\"elementor-section elementor-inner-section elementor-element elementor-element-0828997 elementor-section-boxed elementor-section-height-default elementor-section-height-default\" data-id=\"0828997\" data-element_type=\"section\">\n\t\t\t\t\t\t<div class=\"elementor-container elementor-column-gap-default\">\n\t\t\t\t\t<div class=\"elementor-column elementor-col-100 elementor-inner-column elementor-element elementor-element-b50d45a\" data-id=\"b50d45a\" data-element_type=\"column\">\n\t\t\t<div class=\"elementor-widget-wrap elementor-element-populated\">\n\t\t\t\t\t\t<div class=\"elementor-element elementor-element-1e53cb4 text-left elementor-widget elementor-widget-advanced-text-block\" data-id=\"1e53cb4\" data-element_type=\"widget\" data-widget_type=\"advanced-text-block.default\">\n\t\t\t\t<div class=\"elementor-widget-container\">\n\t\t\t<div class=\"futurio_extra_adv_text_block\" ><h2 class=\"text-content-block\"><p>Skontaktuj sie z nami<\/p><\/div><\/h2>\t\t<\/div>\n\t\t\t\t<\/div>\n\t\t\t\t<div class=\"elementor-element elementor-element-f6aa86b elementor-widget elementor-widget-advanced-text-block\" data-id=\"f6aa86b\" data-element_type=\"widget\" data-widget_type=\"advanced-text-block.default\">\n\t\t\t\t<div class=\"elementor-widget-container\">\n\t\t\t<div class=\"futurio_extra_adv_text_block\" ><div class=\"text-content-block\"><p>Fundacja Wschodni Instytut Edukacji Biznesowej jest innowacyjn\u0105 organizacj\u0105 z siedzib\u0105 w Warszawie, kt\u00f3rej misj\u0105 jest rozwijanie edukacji biznesowej i wdra\u017canie nowych technologii w \u015bwiecie biznesu.<\/p><\/div><\/div>\t\t<\/div>\n\t\t\t\t<\/div>\n\t\t\t\t\t<\/div>\n\t\t<\/div>\n\t\t\t\t\t<\/div>\n\t\t<\/section>\n\t\t\t\t<div class=\"elementor-element elementor-element-b2f212b elementor-widget elementor-widget-spacer\" data-id=\"b2f212b\" data-element_type=\"widget\" data-widget_type=\"spacer.default\">\n\t\t\t\t<div class=\"elementor-widget-container\">\n\t\t\t\t\t<div class=\"elementor-spacer\">\n\t\t\t<div class=\"elementor-spacer-inner\"><\/div>\n\t\t<\/div>\n\t\t\t\t<\/div>\n\t\t\t\t<\/div>\n\t\t\t\t<section class=\"elementor-section elementor-inner-section elementor-element elementor-element-f269416 elementor-section-boxed elementor-section-height-default elementor-section-height-default\" data-id=\"f269416\" data-element_type=\"section\">\n\t\t\t\t\t\t<div class=\"elementor-container elementor-column-gap-default\">\n\t\t\t\t\t<div class=\"elementor-column elementor-col-50 elementor-inner-column elementor-element elementor-element-9d9eadb\" data-id=\"9d9eadb\" data-element_type=\"column\">\n\t\t\t<div class=\"elementor-widget-wrap elementor-element-populated\">\n\t\t\t\t\t\t<div class=\"elementor-element elementor-element-d57a657 elementor-widget elementor-widget-heading\" data-id=\"d57a657\" data-element_type=\"widget\" data-widget_type=\"heading.default\">\n\t\t\t\t<div class=\"elementor-widget-container\">\n\t\t\t<span class=\"elementor-heading-title elementor-size-default\">biuro<\/span>\t\t<\/div>\n\t\t\t\t<\/div>\n\t\t\t\t<div class=\"elementor-element elementor-element-6af8a24 elementor-widget elementor-widget-text-editor\" data-id=\"6af8a24\" data-element_type=\"widget\" data-widget_type=\"text-editor.default\">\n\t\t\t\t<div class=\"elementor-widget-container\">\n\t\t\t\t\t\t\t<p>Gr\u00f3jecka 78\/144<br \/>02-359 Warsaw<br \/>Mazovia, Poland<\/p>\t\t\t\t\t\t<\/div>\n\t\t\t\t<\/div>\n\t\t\t\t\t<\/div>\n\t\t<\/div>\n\t\t\t\t<div class=\"elementor-column elementor-col-50 elementor-inner-column elementor-element elementor-element-ed6286a\" data-id=\"ed6286a\" data-element_type=\"column\">\n\t\t\t<div class=\"elementor-widget-wrap elementor-element-populated\">\n\t\t\t\t\t\t<div class=\"elementor-element elementor-element-d5f662a elementor-widget elementor-widget-heading\" data-id=\"d5f662a\" data-element_type=\"widget\" data-widget_type=\"heading.default\">\n\t\t\t\t<div class=\"elementor-widget-container\">\n\t\t\t<span class=\"elementor-heading-title elementor-size-default\">mail<\/span>\t\t<\/div>\n\t\t\t\t<\/div>\n\t\t\t\t<div class=\"elementor-element elementor-element-10cab05 elementor-widget elementor-widget-text-editor\" data-id=\"10cab05\" data-element_type=\"widget\" data-widget_type=\"text-editor.default\">\n\t\t\t\t<div class=\"elementor-widget-container\">\n\t\t\t\t\t\t\t<div>dr Wojciech Duranowski<\/div><div>tel +48 516398860<\/div><p>\u00a0<\/p><p><a href=\"mailto:wduranowski@gmail.com\">wduranowski@gmail.com<\/a><\/p>\t\t\t\t\t\t<\/div>\n\t\t\t\t<\/div>\n\t\t\t\t\t<\/div>\n\t\t<\/div>\n\t\t\t\t\t<\/div>\n\t\t<\/section>\n\t\t\t\t<div class=\"elementor-element elementor-element-f807307 elementor-widget elementor-widget-spacer\" data-id=\"f807307\" data-element_type=\"widget\" data-widget_type=\"spacer.default\">\n\t\t\t\t<div class=\"elementor-widget-container\">\n\t\t\t\t\t<div class=\"elementor-spacer\">\n\t\t\t<div class=\"elementor-spacer-inner\"><\/div>\n\t\t<\/div>\n\t\t\t\t<\/div>\n\t\t\t\t<\/div>\n\t\t\t\t<section class=\"elementor-section elementor-inner-section elementor-element elementor-element-8d1006c elementor-section-boxed elementor-section-height-default elementor-section-height-default\" data-id=\"8d1006c\" data-element_type=\"section\">\n\t\t\t\t\t\t<div class=\"elementor-container elementor-column-gap-default\">\n\t\t\t\t\t<div class=\"elementor-column elementor-col-100 elementor-inner-column elementor-element elementor-element-620fb82\" data-id=\"620fb82\" data-element_type=\"column\">\n\t\t\t<div class=\"elementor-widget-wrap elementor-element-populated\">\n\t\t\t\t\t\t<div class=\"elementor-element elementor-element-ce6b644 elementor-widget elementor-widget-heading\" data-id=\"ce6b644\" data-element_type=\"widget\" data-widget_type=\"heading.default\">\n\t\t\t\t<div class=\"elementor-widget-container\">\n\t\t\t<span class=\"elementor-heading-title elementor-size-default\">Obserwuj nas<\/span>\t\t<\/div>\n\t\t\t\t<\/div>\n\t\t\t\t<div class=\"elementor-element elementor-element-fdafe4a elementor-shape-circle e-grid-align-left elementor-grid-0 elementor-widget elementor-widget-social-icons\" data-id=\"fdafe4a\" data-element_type=\"widget\" data-widget_type=\"social-icons.default\">\n\t\t\t\t<div class=\"elementor-widget-container\">\n\t\t\t\t\t<div class=\"elementor-social-icons-wrapper elementor-grid\">\n\t\t\t\t\t\t\t<span class=\"elementor-grid-item\">\n\t\t\t\t\t<a class=\"elementor-icon elementor-social-icon elementor-social-icon-facebook-f elementor-repeater-item-790df84\" target=\"_blank\">\n\t\t\t\t\t\t<span class=\"elementor-screen-only\">Facebook-f<\/span>\n\t\t\t\t\t\t<svg class=\"e-font-icon-svg e-fab-facebook-f\" viewbox=\"0 0 320 512\" xmlns=\"http:\/\/www.w3.org\/2000\/svg\"><path d=\"M279.14 288l14.22-92.66h-88.91v-60.13c0-25.35 12.42-50.06 52.24-50.06h40.42V6.26S260.43 0 225.36 0c-73.22 0-121.08 44.38-121.08 124.72v70.62H22.89V288h81.39v224h100.17V288z\"><\/path><\/svg>\t\t\t\t\t<\/a>\n\t\t\t\t<\/span>\n\t\t\t\t\t<\/div>\n\t\t\t\t<\/div>\n\t\t\t\t<\/div>\n\t\t\t\t\t<\/div>\n\t\t<\/div>\n\t\t\t\t\t<\/div>\n\t\t<\/section>\n\t\t\t\t\t<\/div>\n\t\t<\/div>\n\t\t\t\t\t<\/div>\n\t\t<\/section>\n\t\t<div class=\"elementor-element elementor-element-7d4154d e-flex e-con-boxed e-con e-parent\" data-id=\"7d4154d\" data-element_type=\"container\">\n\t\t\t\t\t<div class=\"e-con-inner\">\n\t\t\t\t<div class=\"elementor-element elementor-element-19a895a elementor-widget elementor-widget-spacer\" data-id=\"19a895a\" data-element_type=\"widget\" data-widget_type=\"spacer.default\">\n\t\t\t\t<div class=\"elementor-widget-container\">\n\t\t\t\t\t<div class=\"elementor-spacer\">\n\t\t\t<div class=\"elementor-spacer-inner\"><\/div>\n\t\t<\/div>\n\t\t\t\t<\/div>\n\t\t\t\t<\/div>\n\t\t\t\t\t<\/div>\n\t\t\t\t<\/div>\n\t\t\t\t<\/div>","protected":false},"excerpt":{"rendered":"<p>CONTACT Research on Education in Business and Technology. Contact Us The Eastern Institute of Business Education Foundation is a cutting-edge organization based in Warsaw, Poland, dedicated to advancing business education and integrating new technologies into the business world. OFFICE Gr\u00f3jecka 78\/14402-359 WarsawMazovia, Poland mail dr Wojciech Duranowskitel +48 516398860 \u00a0 wduranowski@gmail.com Follow Us Facebook-f<\/p>","protected":false},"author":1,"featured_media":0,"parent":0,"menu_order":0,"comment_status":"closed","ping_status":"closed","template":"","meta":{"footnotes":""},"class_list":["post-73","page","type-page","status-publish","hentry"],"_links":{"self":[{"href":"https:\/\/eibe.org.pl\/pl\/index.php?rest_route=\/wp\/v2\/pages\/73","targetHints":{"allow":["GET"]}}],"collection":[{"href":"https:\/\/eibe.org.pl\/pl\/index.php?rest_route=\/wp\/v2\/pages"}],"about":[{"href":"https:\/\/eibe.org.pl\/pl\/index.php?rest_route=\/wp\/v2\/types\/page"}],"author":[{"embeddable":true,"href":"https:\/\/eibe.org.pl\/pl\/index.php?rest_route=\/wp\/v2\/users\/1"}],"replies":[{"embeddable":true,"href":"https:\/\/eibe.org.pl\/pl\/index.php?rest_route=%2Fwp%2Fv2%2Fcomments&post=73"}],"version-history":[{"count":5,"href":"https:\/\/eibe.org.pl\/pl\/index.php?rest_route=\/wp\/v2\/pages\/73\/revisions"}],"predecessor-version":[{"id":528,"href":"https:\/\/eibe.org.pl\/pl\/index.php?rest_route=\/wp\/v2\/pages\/73\/revisions\/528"}],"wp:attachment":[{"href":"https:\/\/eibe.org.pl\/pl\/index.php?rest_route=%2Fwp%2Fv2%2Fmedia&parent=73"}],"curies":[{"name":"wp","href":"https:\/\/api.w.org\/{rel}","templated":true}]}}