{"id":531,"date":"2024-12-07T17:15:12","date_gmt":"2024-12-07T17:15:12","guid":{"rendered":"https:\/\/eibe.org.pl\/?page_id=531"},"modified":"2025-05-15T12:49:55","modified_gmt":"2025-05-15T12:49:55","slug":"our-project","status":"publish","type":"page","link":"https:\/\/eibe.org.pl\/pl\/?page_id=531","title":{"rendered":"Our projects"},"content":{"rendered":"<div data-elementor-type=\"wp-page\" data-elementor-id=\"531\" class=\"elementor elementor-531\">\n\t\t\t\t<div class=\"elementor-element elementor-element-2760bef e-flex e-con-boxed e-con e-parent\" data-id=\"2760bef\" data-element_type=\"container\">\n\t\t\t\t\t<div class=\"e-con-inner\">\n\t\t\t\t<div class=\"elementor-element elementor-element-3cc7058 elementor-widget elementor-widget-spacer\" data-id=\"3cc7058\" data-element_type=\"widget\" data-widget_type=\"spacer.default\">\n\t\t\t\t<div class=\"elementor-widget-container\">\n\t\t\t\t\t<div class=\"elementor-spacer\">\n\t\t\t<div class=\"elementor-spacer-inner\"><\/div>\n\t\t<\/div>\n\t\t\t\t<\/div>\n\t\t\t\t<\/div>\n\t\t\t\t<div class=\"elementor-element elementor-element-73ba60d elementor-invisible elementor-widget elementor-widget-heading\" data-id=\"73ba60d\" data-element_type=\"widget\" data-settings=\"{&quot;_animation&quot;:&quot;rollIn&quot;}\" data-widget_type=\"heading.default\">\n\t\t\t\t<div class=\"elementor-widget-container\">\n\t\t\t<h1 class=\"elementor-heading-title elementor-size-default\">NASZE PROJEKTY<\/h1>\t\t<\/div>\n\t\t\t\t<\/div>\n\t\t\t\t<div class=\"elementor-element elementor-element-069c3a9 elementor-widget elementor-widget-spacer\" data-id=\"069c3a9\" data-element_type=\"widget\" data-widget_type=\"spacer.default\">\n\t\t\t\t<div class=\"elementor-widget-container\">\n\t\t\t\t\t<div class=\"elementor-spacer\">\n\t\t\t<div class=\"elementor-spacer-inner\"><\/div>\n\t\t<\/div>\n\t\t\t\t<\/div>\n\t\t\t\t<\/div>\n\t\t\t\t\t<\/div>\n\t\t\t\t<\/div>\n\t\t\t\t<section class=\"elementor-section elementor-top-section elementor-element elementor-element-c36cb8a elementor-section-height-min-height elementor-section-boxed elementor-section-height-default elementor-section-items-middle\" data-id=\"c36cb8a\" data-element_type=\"section\" data-settings=\"{&quot;background_background&quot;:&quot;classic&quot;}\">\n\t\t\t\t\t\t\t<div class=\"elementor-background-overlay\"><\/div>\n\t\t\t\t\t\t\t<div class=\"elementor-container elementor-column-gap-default\">\n\t\t\t\t\t<div class=\"elementor-column elementor-col-100 elementor-top-column elementor-element elementor-element-ffd8d15 elementor-invisible\" data-id=\"ffd8d15\" data-element_type=\"column\" data-settings=\"{&quot;animation&quot;:&quot;fadeIn&quot;,&quot;animation_delay&quot;:0}\">\n\t\t\t<div class=\"elementor-widget-wrap elementor-element-populated\">\n\t\t\t\t\t\t<div class=\"elementor-element elementor-element-9cca814 elementor-widget elementor-widget-writing-effect-headline\" data-id=\"9cca814\" data-element_type=\"widget\" data-widget_type=\"writing-effect-headline.default\">\n\t\t\t\t<div class=\"elementor-widget-container\">\n\t\t\t        <h3 class=\"futurio-extra-written-headline\" data-speed=\"43\" data-delay=\"2000\" data-loop=\"1\">\r\n                    <span class=\"before-written\">Badania nad edukacj\u0105 w biznesie i technologii.<\/span>\r\n        \r\n        \r\n                <\/h3>\r\n        \t\t<\/div>\n\t\t\t\t<\/div>\n\t\t\t\t<div class=\"elementor-element elementor-element-eac3d71 elementor-widget elementor-widget-spacer\" data-id=\"eac3d71\" data-element_type=\"widget\" data-widget_type=\"spacer.default\">\n\t\t\t\t<div class=\"elementor-widget-container\">\n\t\t\t\t\t<div class=\"elementor-spacer\">\n\t\t\t<div class=\"elementor-spacer-inner\"><\/div>\n\t\t<\/div>\n\t\t\t\t<\/div>\n\t\t\t\t<\/div>\n\t\t\t\t<div class=\"elementor-element elementor-element-2696cca elementor-widget elementor-widget-image\" data-id=\"2696cca\" data-element_type=\"widget\" data-widget_type=\"image.default\">\n\t\t\t\t<div class=\"elementor-widget-container\">\n\t\t\t\t\t\t\t\t\t\t\t\t\t<img decoding=\"async\" width=\"300\" height=\"81\" src=\"https:\/\/eibe.org.pl\/wp-content\/uploads\/2024\/10\/logo-main-1-300x81.png\" class=\"attachment-medium size-medium wp-image-10\" alt=\"\" srcset=\"https:\/\/eibe.org.pl\/wp-content\/uploads\/2024\/10\/logo-main-1-300x81.png 300w, https:\/\/eibe.org.pl\/wp-content\/uploads\/2024\/10\/logo-main-1-1024x277.png 1024w, https:\/\/eibe.org.pl\/wp-content\/uploads\/2024\/10\/logo-main-1-768x208.png 768w, https:\/\/eibe.org.pl\/wp-content\/uploads\/2024\/10\/logo-main-1-1536x416.png 1536w, https:\/\/eibe.org.pl\/wp-content\/uploads\/2024\/10\/logo-main-1-2048x555.png 2048w\" sizes=\"(max-width: 300px) 100vw, 300px\" \/>\t\t\t\t\t\t\t\t\t\t\t\t\t<\/div>\n\t\t\t\t<\/div>\n\t\t\t\t\t<\/div>\n\t\t<\/div>\n\t\t\t\t\t<\/div>\n\t\t<\/section>\n\t\t<div class=\"elementor-element elementor-element-ff92032 e-flex e-con-boxed e-con e-parent\" data-id=\"ff92032\" data-element_type=\"container\">\n\t\t\t\t\t<div class=\"e-con-inner\">\n\t\t\t\t<div class=\"elementor-element elementor-element-5651cfc elementor-widget elementor-widget-spacer\" data-id=\"5651cfc\" data-element_type=\"widget\" data-widget_type=\"spacer.default\">\n\t\t\t\t<div class=\"elementor-widget-container\">\n\t\t\t\t\t<div class=\"elementor-spacer\">\n\t\t\t<div class=\"elementor-spacer-inner\"><\/div>\n\t\t<\/div>\n\t\t\t\t<\/div>\n\t\t\t\t<\/div>\n\t\t\t\t<div class=\"elementor-element elementor-element-04d38b5 elementor-widget elementor-widget-heading\" data-id=\"04d38b5\" data-element_type=\"widget\" data-widget_type=\"heading.default\">\n\t\t\t\t<div class=\"elementor-widget-container\">\n\t\t\t<h2 class=\"elementor-heading-title elementor-size-default\">Transformacja nauczania i podej\u015bcia do oceny w szkolnictwie wy\u017cszym w erze narz\u0119dzi czatu AI<\/h2>\t\t<\/div>\n\t\t\t\t<\/div>\n\t\t\t\t<div class=\"elementor-element elementor-element-31021d1 elementor-widget elementor-widget-heading\" data-id=\"31021d1\" data-element_type=\"widget\" data-widget_type=\"heading.default\">\n\t\t\t\t<div class=\"elementor-widget-container\">\n\t\t\t<h2 class=\"elementor-heading-title elementor-size-default\">Numer projektu : 2023-1-PL01-KA220-HED-000167212<\/h2>\t\t<\/div>\n\t\t\t\t<\/div>\n\t\t\t\t\t<\/div>\n\t\t\t\t<\/div>\n\t\t<div class=\"elementor-element elementor-element-51570f8 e-flex e-con-boxed e-con e-parent\" data-id=\"51570f8\" data-element_type=\"container\">\n\t\t\t\t\t<div class=\"e-con-inner\">\n\t\t\t\t<div class=\"elementor-element elementor-element-0676938 elementor-widget elementor-widget-spacer\" data-id=\"0676938\" data-element_type=\"widget\" data-widget_type=\"spacer.default\">\n\t\t\t\t<div class=\"elementor-widget-container\">\n\t\t\t\t\t<div class=\"elementor-spacer\">\n\t\t\t<div class=\"elementor-spacer-inner\"><\/div>\n\t\t<\/div>\n\t\t\t\t<\/div>\n\t\t\t\t<\/div>\n\t\t\t\t<div class=\"elementor-element elementor-element-302db2c elementor-widget elementor-widget-text-editor\" data-id=\"302db2c\" data-element_type=\"widget\" data-widget_type=\"text-editor.default\">\n\t\t\t\t<div class=\"elementor-widget-container\">\n\t\t\t\t\t\t\t<p>\u00a0<\/p><p>W DialogEduShift jeste\u015bmy oddani kszta\u0142towaniu przysz\u0142o\u015bci szkolnictwa wy\u017cszego poprzez rozwi\u0105zywanie pilnych wyzwa\u0144 i wykorzystywanie ekscytuj\u0105cych mo\u017cliwo\u015bci oferowanych przez narz\u0119dzia czatu AI, w szczeg\u00f3lno\u015bci najnowocze\u015bniejsze modele j\u0119zykowe, takie jak ChatGPT. W \u015brodowisku edukacyjnym, w kt\u00f3rym technologia szybko ewoluuje, nasz projekt jest na czele najnowszych trend\u00f3w w zakresie integracji narz\u0119dzi AI i ich g\u0142\u0119bokiego wp\u0142ywu na ocen\u0119 student\u00f3w. Naszym celem jest umo\u017cliwienie nauczycielom i instytucjom nie tylko dostosowywania si\u0119, ale tak\u017ce rozwoju w tym ci\u0105gle zmieniaj\u0105cym si\u0119 \u015brodowisku, w pe\u0142ni wykorzystuj\u0105c potencja\u0142 AI w celu ulepszenia do\u015bwiadcze\u0144 nauczania i uczenia si\u0119. Poniewa\u017c stoimy na progu nowej ery w edukacji, nie spos\u00f3b ignorowa\u0107 obecnych trend\u00f3w, kt\u00f3re zmieniaj\u0105 kszta\u0142t szkolnictwa wy\u017cszego. Narz\u0119dzia czatu AI, takie jak ChatGPT i jego nast\u0119pcy, zyska\u0142y znaczn\u0105 popularno\u015b\u0107 w ostatnich latach. Narz\u0119dzia te nie s\u0105 tylko cz\u0119\u015bci\u0105 przysz\u0142o\u015bci; definiuj\u0105 one tera\u017aniejszo\u015b\u0107. Wraz z pojawieniem si\u0119 ChatGPT 4.0 jeste\u015bmy \u015bwiadkami transformacji sposobu, w jaki nauczyciele anga\u017cuj\u0105 si\u0119 w interakcje ze studentami i zapewniaj\u0105 dostosowane do\u015bwiadczenia edukacyjne.<\/p>\t\t\t\t\t\t<\/div>\n\t\t\t\t<\/div>\n\t\t\t\t<div class=\"elementor-element elementor-element-310faa5 elementor-widget elementor-widget-text-editor\" data-id=\"310faa5\" data-element_type=\"widget\" data-widget_type=\"text-editor.default\">\n\t\t\t\t<div class=\"elementor-widget-container\">\n\t\t\t\t\t\t\t<p><strong style=\"text-align: var(--text-align); letter-spacing: 0px;\">\u0179r\u00f3d\u0142o informacji:<\/strong><\/p><p><a href=\"http:\/\/dialogedushift.eu\" target=\"_blank\" rel=\"noopener\">www.dialogedushift.eu<\/a><\/p>\t\t\t\t\t\t<\/div>\n\t\t\t\t<\/div>\n\t\t\t\t\t<\/div>\n\t\t\t\t<\/div>\n\t\t<div class=\"elementor-element elementor-element-df4afa7 e-flex e-con-boxed e-con e-parent\" data-id=\"df4afa7\" data-element_type=\"container\">\n\t\t\t\t\t<div class=\"e-con-inner\">\n\t\t\t\t<div class=\"elementor-element elementor-element-d41aded elementor-widget elementor-widget-image\" data-id=\"d41aded\" data-element_type=\"widget\" data-widget_type=\"image.default\">\n\t\t\t\t<div class=\"elementor-widget-container\">\n\t\t\t\t\t\t\t\t\t\t\t\t\t<img fetchpriority=\"high\" decoding=\"async\" width=\"300\" height=\"300\" src=\"https:\/\/eibe.org.pl\/wp-content\/uploads\/2024\/12\/Logo-zolte-1-300x300.jpg\" class=\"attachment-medium size-medium wp-image-536\" alt=\"\" srcset=\"https:\/\/eibe.org.pl\/wp-content\/uploads\/2024\/12\/Logo-zolte-1-300x300.jpg 300w, https:\/\/eibe.org.pl\/wp-content\/uploads\/2024\/12\/Logo-zolte-1-1024x1024.jpg 1024w, https:\/\/eibe.org.pl\/wp-content\/uploads\/2024\/12\/Logo-zolte-1-150x150.jpg 150w, https:\/\/eibe.org.pl\/wp-content\/uploads\/2024\/12\/Logo-zolte-1-768x768.jpg 768w, https:\/\/eibe.org.pl\/wp-content\/uploads\/2024\/12\/Logo-zolte-1-1536x1536.jpg 1536w, https:\/\/eibe.org.pl\/wp-content\/uploads\/2024\/12\/Logo-zolte-1-12x12.jpg 12w, https:\/\/eibe.org.pl\/wp-content\/uploads\/2024\/12\/Logo-zolte-1.jpg 2000w\" sizes=\"(max-width: 300px) 100vw, 300px\" \/>\t\t\t\t\t\t\t\t\t\t\t\t\t<\/div>\n\t\t\t\t<\/div>\n\t\t\t\t\t<\/div>\n\t\t\t\t<\/div>\n\t\t<div class=\"elementor-element elementor-element-35e7911 e-flex e-con-boxed e-con e-parent\" data-id=\"35e7911\" data-element_type=\"container\">\n\t\t\t\t\t<div class=\"e-con-inner\">\n\t\t\t\t<div class=\"elementor-element elementor-element-0abba34 elementor-widget elementor-widget-spacer\" data-id=\"0abba34\" data-element_type=\"widget\" data-widget_type=\"spacer.default\">\n\t\t\t\t<div class=\"elementor-widget-container\">\n\t\t\t\t\t<div class=\"elementor-spacer\">\n\t\t\t<div class=\"elementor-spacer-inner\"><\/div>\n\t\t<\/div>\n\t\t\t\t<\/div>\n\t\t\t\t<\/div>\n\t\t\t\t\t<\/div>\n\t\t\t\t<\/div>\n\t\t<div class=\"elementor-element elementor-element-fc31461 e-flex e-con-boxed e-con e-parent\" data-id=\"fc31461\" data-element_type=\"container\">\n\t\t\t\t\t<div class=\"e-con-inner\">\n\t\t\t\t<div class=\"elementor-element elementor-element-0bda90c elementor-widget elementor-widget-spacer\" data-id=\"0bda90c\" data-element_type=\"widget\" data-widget_type=\"spacer.default\">\n\t\t\t\t<div class=\"elementor-widget-container\">\n\t\t\t\t\t<div class=\"elementor-spacer\">\n\t\t\t<div class=\"elementor-spacer-inner\"><\/div>\n\t\t<\/div>\n\t\t\t\t<\/div>\n\t\t\t\t<\/div>\n\t\t\t\t<div class=\"elementor-element elementor-element-4064536 elementor-widget elementor-widget-heading\" data-id=\"4064536\" data-element_type=\"widget\" data-widget_type=\"heading.default\">\n\t\t\t\t<div class=\"elementor-widget-container\">\n\t\t\t<h2 class=\"elementor-heading-title elementor-size-default\">Recykling to m\u00f3j u\u015bmiech do natury<\/h2>\t\t<\/div>\n\t\t\t\t<\/div>\n\t\t\t\t<div class=\"elementor-element elementor-element-18b0a4a elementor-widget elementor-widget-heading\" data-id=\"18b0a4a\" data-element_type=\"widget\" data-widget_type=\"heading.default\">\n\t\t\t\t<div class=\"elementor-widget-container\">\n\t\t\t<h2 class=\"elementor-heading-title elementor-size-default\">Project Number: 2023-1-PL01-KA210-YOU-F6F6A7F9 <\/h2>\t\t<\/div>\n\t\t\t\t<\/div>\n\t\t\t\t\t<\/div>\n\t\t\t\t<\/div>\n\t\t<div class=\"elementor-element elementor-element-ba9be60 e-flex e-con-boxed e-con e-parent\" data-id=\"ba9be60\" data-element_type=\"container\">\n\t\t\t\t\t<div class=\"e-con-inner\">\n\t\t\t\t<div class=\"elementor-element elementor-element-b634fd3 elementor-widget elementor-widget-spacer\" data-id=\"b634fd3\" data-element_type=\"widget\" data-widget_type=\"spacer.default\">\n\t\t\t\t<div class=\"elementor-widget-container\">\n\t\t\t\t\t<div class=\"elementor-spacer\">\n\t\t\t<div class=\"elementor-spacer-inner\"><\/div>\n\t\t<\/div>\n\t\t\t\t<\/div>\n\t\t\t\t<\/div>\n\t\t\t\t<div class=\"elementor-element elementor-element-fd543de elementor-widget elementor-widget-text-editor\" data-id=\"fd543de\" data-element_type=\"widget\" data-widget_type=\"text-editor.default\">\n\t\t\t\t<div class=\"elementor-widget-container\">\n\t\t\t\t\t\t\t<p>\u00a0<\/p><p>Jako wym\u00f3g spo\u0142ecze\u0144stwa konsumpcyjnego, nadmierna konsumpcja i nie\u015bwiadome wykorzystanie zasob\u00f3w naturalnych zwi\u0119kszaj\u0105 generowanie odpad\u00f3w. Aby zapewni\u0107 czyste \u015brodowisko i zdrow\u0105 przysz\u0142o\u015b\u0107, konieczne jest ograniczenie odpad\u00f3w i ochrona przyrody. Oczywi\u015bcie, nie jest mo\u017cliwe ca\u0142kowite zatrzymanie czynnik\u00f3w powoduj\u0105cych zanieczyszczenie \u015brodowiska za pomoc\u0105 projektu, ale mo\u017cemy pom\u00f3c naturze w rozwi\u0105zywaniu problem\u00f3w spowodowanych przez cz\u0142owieka, aby zmniejszy\u0107 ich wp\u0142yw na \u015brodowisko. Jedynym rozwi\u0105zaniem problem\u00f3w zwi\u0105zanych z cz\u0142owiekiem jest edukacja. W ostatnich latach szybkie zu\u017cycie zasob\u00f3w naturalnych i potrzeba dodatkowych zasob\u00f3w spowodowa\u0142y wzrost znaczenia koncepcji recyklingu. Podj\u0119to dzia\u0142ania maj\u0105ce na celu podniesienie \u015bwiadomo\u015bci spo\u0142ecznej na temat przedmiot\u00f3w odpadowych. W warsztatach \u201eEco Art-Eco Creativity\u201d w szko\u0142ach i o\u015brodkach m\u0142odzie\u017cowych, proste zabawki i nowe produkty, kt\u00f3re mo\u017cna wykorzysta\u0107 w \u017cyciu codziennym, s\u0105 wytwarzane z papieru, opakowa\u0144, tkanin i odpad\u00f3w plastikowych<br \/>Today, many people still do not know how serious environmental problems such as environmental pollution and climate change are, or even if they do, they do not have an idea about how they can individually contribute to the solution of these problems. For these reasons, the project is designed to contribute to the solution of environmental and climate change problems by using the effective power of art to raise people&#8217;s awareness about environmental awareness, zero waste, recycling and nature-friendliness, and by developing ecological solution ideas.<\/p>\t\t\t\t\t\t<\/div>\n\t\t\t\t<\/div>\n\t\t\t\t<div class=\"elementor-element elementor-element-53355c3 elementor-widget elementor-widget-text-editor\" data-id=\"53355c3\" data-element_type=\"widget\" data-widget_type=\"text-editor.default\">\n\t\t\t\t<div class=\"elementor-widget-container\">\n\t\t\t\t\t\t\t<p><strong style=\"text-align: var(--text-align); letter-spacing: 0px;\">\u0179r\u00f3d\u0142o informacji:<\/strong><\/p><p><a href=\"http:\/\/www.recyclingfornature.org\">www.recyclingfornature.org<\/a><\/p>\t\t\t\t\t\t<\/div>\n\t\t\t\t<\/div>\n\t\t\t\t\t<\/div>\n\t\t\t\t<\/div>\n\t\t<div class=\"elementor-element elementor-element-a7e6600 e-flex e-con-boxed e-con e-parent\" data-id=\"a7e6600\" data-element_type=\"container\">\n\t\t\t\t\t<div class=\"e-con-inner\">\n\t\t\t\t<div class=\"elementor-element elementor-element-20fa0a6 elementor-widget elementor-widget-image\" data-id=\"20fa0a6\" data-element_type=\"widget\" data-widget_type=\"image.default\">\n\t\t\t\t<div class=\"elementor-widget-container\">\n\t\t\t\t\t\t\t\t\t\t\t\t\t<img decoding=\"async\" width=\"262\" height=\"300\" src=\"https:\/\/eibe.org.pl\/wp-content\/uploads\/2025\/05\/recyclingfornature-262x300.png\" class=\"attachment-medium size-medium wp-image-608\" alt=\"\" srcset=\"https:\/\/eibe.org.pl\/wp-content\/uploads\/2025\/05\/recyclingfornature-262x300.png 262w, https:\/\/eibe.org.pl\/wp-content\/uploads\/2025\/05\/recyclingfornature-10x12.png 10w, https:\/\/eibe.org.pl\/wp-content\/uploads\/2025\/05\/recyclingfornature.png 336w\" sizes=\"(max-width: 262px) 100vw, 262px\" \/>\t\t\t\t\t\t\t\t\t\t\t\t\t<\/div>\n\t\t\t\t<\/div>\n\t\t\t\t\t<\/div>\n\t\t\t\t<\/div>\n\t\t<div class=\"elementor-element elementor-element-dc124e9 e-flex e-con-boxed e-con e-parent\" data-id=\"dc124e9\" data-element_type=\"container\">\n\t\t\t\t\t<div class=\"e-con-inner\">\n\t\t\t\t<div class=\"elementor-element elementor-element-071834a elementor-widget elementor-widget-spacer\" data-id=\"071834a\" data-element_type=\"widget\" data-widget_type=\"spacer.default\">\n\t\t\t\t<div class=\"elementor-widget-container\">\n\t\t\t\t\t<div class=\"elementor-spacer\">\n\t\t\t<div class=\"elementor-spacer-inner\"><\/div>\n\t\t<\/div>\n\t\t\t\t<\/div>\n\t\t\t\t<\/div>\n\t\t\t\t\t<\/div>\n\t\t\t\t<\/div>\n\t\t\t\t<\/div>","protected":false},"excerpt":{"rendered":"<p>OUR PROJECTS Research on Education in Business and Technology. Transforming Higher Education Teaching and Evaluation Approaches in the Era of AI Chat Tools Project Number: 2023-1-PL01-KA220-HED-000167212 \u00a0 At DialogEduShift, we are dedicated to shaping the future of higher education by addressing the pressing challenges and seizing the exciting opportunities presented by AI chat tools, particularly&hellip;<\/p>","protected":false},"author":1,"featured_media":0,"parent":0,"menu_order":0,"comment_status":"closed","ping_status":"closed","template":"","meta":{"footnotes":""},"class_list":["post-531","page","type-page","status-publish","hentry"],"_links":{"self":[{"href":"https:\/\/eibe.org.pl\/pl\/index.php?rest_route=\/wp\/v2\/pages\/531","targetHints":{"allow":["GET"]}}],"collection":[{"href":"https:\/\/eibe.org.pl\/pl\/index.php?rest_route=\/wp\/v2\/pages"}],"about":[{"href":"https:\/\/eibe.org.pl\/pl\/index.php?rest_route=\/wp\/v2\/types\/page"}],"author":[{"embeddable":true,"href":"https:\/\/eibe.org.pl\/pl\/index.php?rest_route=\/wp\/v2\/users\/1"}],"replies":[{"embeddable":true,"href":"https:\/\/eibe.org.pl\/pl\/index.php?rest_route=%2Fwp%2Fv2%2Fcomments&post=531"}],"version-history":[{"count":5,"href":"https:\/\/eibe.org.pl\/pl\/index.php?rest_route=\/wp\/v2\/pages\/531\/revisions"}],"predecessor-version":[{"id":611,"href":"https:\/\/eibe.org.pl\/pl\/index.php?rest_route=\/wp\/v2\/pages\/531\/revisions\/611"}],"wp:attachment":[{"href":"https:\/\/eibe.org.pl\/pl\/index.php?rest_route=%2Fwp%2Fv2%2Fmedia&parent=531"}],"curies":[{"name":"wp","href":"https:\/\/api.w.org\/{rel}","templated":true}]}}