{"id":499,"date":"2024-10-14T07:26:13","date_gmt":"2024-10-14T07:26:13","guid":{"rendered":"https:\/\/eibe.org.pl\/?page_id=499"},"modified":"2024-10-14T07:43:14","modified_gmt":"2024-10-14T07:43:14","slug":"about-us","status":"publish","type":"page","link":"https:\/\/eibe.org.pl\/pl\/?page_id=499","title":{"rendered":"O FUNDACJI"},"content":{"rendered":"<div data-elementor-type=\"wp-page\" data-elementor-id=\"499\" class=\"elementor elementor-499\">\n\t\t\t\t<div class=\"elementor-element elementor-element-b51a660 e-flex e-con-boxed e-con e-parent\" data-id=\"b51a660\" data-element_type=\"container\">\n\t\t\t\t\t<div class=\"e-con-inner\">\n\t\t\t\t<div class=\"elementor-element elementor-element-638dc0b elementor-widget elementor-widget-spacer\" data-id=\"638dc0b\" data-element_type=\"widget\" data-widget_type=\"spacer.default\">\n\t\t\t\t<div class=\"elementor-widget-container\">\n\t\t\t\t\t<div class=\"elementor-spacer\">\n\t\t\t<div class=\"elementor-spacer-inner\"><\/div>\n\t\t<\/div>\n\t\t\t\t<\/div>\n\t\t\t\t<\/div>\n\t\t\t\t<div class=\"elementor-element elementor-element-326e87c elementor-invisible elementor-widget elementor-widget-heading\" data-id=\"326e87c\" data-element_type=\"widget\" data-settings=\"{&quot;_animation&quot;:&quot;rollIn&quot;}\" data-widget_type=\"heading.default\">\n\t\t\t\t<div class=\"elementor-widget-container\">\n\t\t\t<h1 class=\"elementor-heading-title elementor-size-default\">O FUNDACJI<\/h1>\t\t<\/div>\n\t\t\t\t<\/div>\n\t\t\t\t<div class=\"elementor-element elementor-element-5743880 elementor-widget elementor-widget-spacer\" data-id=\"5743880\" data-element_type=\"widget\" data-widget_type=\"spacer.default\">\n\t\t\t\t<div class=\"elementor-widget-container\">\n\t\t\t\t\t<div class=\"elementor-spacer\">\n\t\t\t<div class=\"elementor-spacer-inner\"><\/div>\n\t\t<\/div>\n\t\t\t\t<\/div>\n\t\t\t\t<\/div>\n\t\t\t\t\t<\/div>\n\t\t\t\t<\/div>\n\t\t\t\t<section class=\"elementor-section elementor-top-section elementor-element elementor-element-b01b791 elementor-section-height-min-height elementor-section-boxed elementor-section-height-default elementor-section-items-middle\" data-id=\"b01b791\" data-element_type=\"section\" data-settings=\"{&quot;background_background&quot;:&quot;classic&quot;}\">\n\t\t\t\t\t\t\t<div class=\"elementor-background-overlay\"><\/div>\n\t\t\t\t\t\t\t<div class=\"elementor-container elementor-column-gap-default\">\n\t\t\t\t\t<div class=\"elementor-column elementor-col-100 elementor-top-column elementor-element elementor-element-3343e9d elementor-invisible\" data-id=\"3343e9d\" data-element_type=\"column\" data-settings=\"{&quot;animation&quot;:&quot;fadeIn&quot;,&quot;animation_delay&quot;:0}\">\n\t\t\t<div class=\"elementor-widget-wrap elementor-element-populated\">\n\t\t\t\t\t\t<div class=\"elementor-element elementor-element-9e72643 elementor-widget elementor-widget-writing-effect-headline\" data-id=\"9e72643\" data-element_type=\"widget\" data-widget_type=\"writing-effect-headline.default\">\n\t\t\t\t<div class=\"elementor-widget-container\">\n\t\t\t        <h3 class=\"futurio-extra-written-headline\" data-speed=\"43\" data-delay=\"2000\" data-loop=\"1\">\r\n                    <span class=\"before-written\">Badania nad edukacj\u0105 w biznesie i technologii.<\/span>\r\n        \r\n        \r\n                <\/h3>\r\n        \t\t<\/div>\n\t\t\t\t<\/div>\n\t\t\t\t<div class=\"elementor-element elementor-element-e577fa9 elementor-widget elementor-widget-spacer\" data-id=\"e577fa9\" data-element_type=\"widget\" data-widget_type=\"spacer.default\">\n\t\t\t\t<div class=\"elementor-widget-container\">\n\t\t\t\t\t<div class=\"elementor-spacer\">\n\t\t\t<div class=\"elementor-spacer-inner\"><\/div>\n\t\t<\/div>\n\t\t\t\t<\/div>\n\t\t\t\t<\/div>\n\t\t\t\t<div class=\"elementor-element elementor-element-3b3d4c8 elementor-widget elementor-widget-image\" data-id=\"3b3d4c8\" data-element_type=\"widget\" data-widget_type=\"image.default\">\n\t\t\t\t<div class=\"elementor-widget-container\">\n\t\t\t\t\t\t\t\t\t\t\t\t\t<img decoding=\"async\" width=\"300\" height=\"81\" src=\"https:\/\/eibe.org.pl\/wp-content\/uploads\/2024\/10\/logo-main-1-300x81.png\" class=\"attachment-medium size-medium wp-image-10\" alt=\"\" srcset=\"https:\/\/eibe.org.pl\/wp-content\/uploads\/2024\/10\/logo-main-1-300x81.png 300w, https:\/\/eibe.org.pl\/wp-content\/uploads\/2024\/10\/logo-main-1-1024x277.png 1024w, https:\/\/eibe.org.pl\/wp-content\/uploads\/2024\/10\/logo-main-1-768x208.png 768w, https:\/\/eibe.org.pl\/wp-content\/uploads\/2024\/10\/logo-main-1-1536x416.png 1536w, https:\/\/eibe.org.pl\/wp-content\/uploads\/2024\/10\/logo-main-1-2048x555.png 2048w\" sizes=\"(max-width: 300px) 100vw, 300px\" \/>\t\t\t\t\t\t\t\t\t\t\t\t\t<\/div>\n\t\t\t\t<\/div>\n\t\t\t\t\t<\/div>\n\t\t<\/div>\n\t\t\t\t\t<\/div>\n\t\t<\/section>\n\t\t<div class=\"elementor-element elementor-element-fb627a1 e-flex e-con-boxed e-con e-parent\" data-id=\"fb627a1\" data-element_type=\"container\">\n\t\t\t\t\t<div class=\"e-con-inner\">\n\t\t\t\t<div class=\"elementor-element elementor-element-e357b9a elementor-widget elementor-widget-spacer\" data-id=\"e357b9a\" data-element_type=\"widget\" data-widget_type=\"spacer.default\">\n\t\t\t\t<div class=\"elementor-widget-container\">\n\t\t\t\t\t<div class=\"elementor-spacer\">\n\t\t\t<div class=\"elementor-spacer-inner\"><\/div>\n\t\t<\/div>\n\t\t\t\t<\/div>\n\t\t\t\t<\/div>\n\t\t\t\t<div class=\"elementor-element elementor-element-94e8891 elementor-widget elementor-widget-heading\" data-id=\"94e8891\" data-element_type=\"widget\" data-widget_type=\"heading.default\">\n\t\t\t\t<div class=\"elementor-widget-container\">\n\t\t\t<h2 class=\"elementor-heading-title elementor-size-default\">O FUNDACJI<\/h2>\t\t<\/div>\n\t\t\t\t<\/div>\n\t\t<div class=\"elementor-element elementor-element-4424f36 e-con-full e-flex e-con e-child\" data-id=\"4424f36\" data-element_type=\"container\">\n\t\t\t\t<div class=\"elementor-element elementor-element-4035c6c elementor-widget elementor-widget-spacer\" data-id=\"4035c6c\" data-element_type=\"widget\" data-widget_type=\"spacer.default\">\n\t\t\t\t<div class=\"elementor-widget-container\">\n\t\t\t\t\t<div class=\"elementor-spacer\">\n\t\t\t<div class=\"elementor-spacer-inner\"><\/div>\n\t\t<\/div>\n\t\t\t\t<\/div>\n\t\t\t\t<\/div>\n\t\t\t\t<div class=\"elementor-element elementor-element-88e0601 elementor-invisible elementor-widget elementor-widget-image\" data-id=\"88e0601\" data-element_type=\"widget\" data-settings=\"{&quot;_animation&quot;:&quot;zoomIn&quot;}\" data-widget_type=\"image.default\">\n\t\t\t\t<div class=\"elementor-widget-container\">\n\t\t\t\t\t\t\t\t\t\t\t\t\t<img decoding=\"async\" width=\"300\" height=\"120\" src=\"https:\/\/eibe.org.pl\/wp-content\/uploads\/2024\/10\/cropped-logo-1-300x120.png\" class=\"attachment-medium size-medium wp-image-249\" alt=\"\" srcset=\"https:\/\/eibe.org.pl\/wp-content\/uploads\/2024\/10\/cropped-logo-1-300x120.png 300w, https:\/\/eibe.org.pl\/wp-content\/uploads\/2024\/10\/cropped-logo-1-1024x409.png 1024w, https:\/\/eibe.org.pl\/wp-content\/uploads\/2024\/10\/cropped-logo-1-768x307.png 768w, https:\/\/eibe.org.pl\/wp-content\/uploads\/2024\/10\/cropped-logo-1.png 1378w\" sizes=\"(max-width: 300px) 100vw, 300px\" \/>\t\t\t\t\t\t\t\t\t\t\t\t\t<\/div>\n\t\t\t\t<\/div>\n\t\t\t\t<div class=\"elementor-element elementor-element-cf477ed elementor-widget elementor-widget-spacer\" data-id=\"cf477ed\" data-element_type=\"widget\" data-widget_type=\"spacer.default\">\n\t\t\t\t<div class=\"elementor-widget-container\">\n\t\t\t\t\t<div class=\"elementor-spacer\">\n\t\t\t<div class=\"elementor-spacer-inner\"><\/div>\n\t\t<\/div>\n\t\t\t\t<\/div>\n\t\t\t\t<\/div>\n\t\t\t\t<div class=\"elementor-element elementor-element-4ceb049 elementor-widget elementor-widget-text-editor\" data-id=\"4ceb049\" data-element_type=\"widget\" data-widget_type=\"text-editor.default\">\n\t\t\t\t<div class=\"elementor-widget-container\">\n\t\t\t\t\t\t\t<table width=\"720\"><tbody><tr><td width=\"599\"><p><strong>The Eastern Institute of Business Education Foundation<\/strong> jest pioniersk\u0105 organizacj\u0105 z siedzib\u0105 w Warszawie, w Polsce, po\u015bwi\u0119con\u0105 rozwojowi edukacji biznesowej i integracji nowych technologii ze \u015bwiatem biznesu. Za\u0142o\u017cona jako fundacja typu spin-off, sk\u0142ada si\u0119 z wysoko wykwalifikowanego zespo\u0142u badaczy, w tym wielu posiadaczy tytu\u0142u doktora, kt\u00f3rzy koncentruj\u0105 si\u0119 na zasypywaniu przepa\u015bci mi\u0119dzy \u015brodowiskiem akademickim a przemys\u0142em. Zakres prac fundacji obejmuje popularyzacj\u0119 wiedzy w zakresie edukacji biznesowej, wspieranie wsp\u00f3\u0142pracy mi\u0119dzy ekspertami, naukowcami i praktykami oraz kszta\u0142towanie przysz\u0142o\u015bci edukacji biznesowej poprzez innowacje technologiczne. Organizacja dzia\u0142a z silnym naciskiem na badania i rozw\u00f3j, w szczeg\u00f3lno\u015bci w obszarach EdTech, Fintech i innowacyjnych zastosowa\u0144 technologii w edukacji. Chocia\u017c fundacja nie podaje konkretnych liczb dotycz\u0105cych p\u0142atnego lub niep\u0142atnego personelu, \u015bci\u015ble wsp\u00f3\u0142pracuje z centrami innowacji i utrzymuje sie\u0107 ekspert\u00f3w i akademik\u00f3w, aby realizowa\u0107 swoj\u0105 misj\u0119.<\/p><\/td><\/tr><\/tbody><\/table>\t\t\t\t\t\t<\/div>\n\t\t\t\t<\/div>\n\t\t\t\t<div class=\"elementor-element elementor-element-fc7ff19 elementor-widget elementor-widget-text-editor\" data-id=\"fc7ff19\" data-element_type=\"widget\" data-widget_type=\"text-editor.default\">\n\t\t\t\t<div class=\"elementor-widget-container\">\n\t\t\t\t\t\t\t<table width=\"720\"><tbody><tr><td width=\"599\"><p><strong>Celami Fundacji s\u0105:<\/strong><\/p><ol><li>Rozwijanie i integrowanie najnowocze\u015bniejszych technologii, takich jak sztuczna inteligencja, rzeczywisto\u015b\u0107 rozszerzona i uczenie maszynowe, w ramach europejskiego procesu edukacyjnego w celu ulepszenia do\u015bwiadcze\u0144 i wynik\u00f3w uczenia si\u0119.<\/li><li>U\u0142atwianie wsp\u00f3\u0142pracy mi\u0119dzy badaczami akademickimi a profesjonalistami z bran\u017cy w celu zapewnienia, \u017ce \u200b\u200bnajnowsze badania i innowacje technologiczne s\u0105 skutecznie stosowane w edukacji biznesowej.<\/li><li>Udost\u0119pnianie najnowszych spostrze\u017ce\u0144, wynik\u00f3w bada\u0144 i innowacji w edukacji biznesowej szerokiemu gronu odbiorc\u00f3w, w tym edukatorom, studentom i profesjonalistom z bran\u017cy.<\/li><li>Wzmacnianie innowacyjno\u015bci i konkurencyjno\u015bci sektora edukacyjnego w Polsce poprzez wsp\u00f3\u0142prac\u0119 z wiod\u0105cymi o\u015brodkami innowacji i integrowanie nowych technologii z programami nauczania i metodami nauczania.<\/li><li>Budowanie i utrzymywanie partnerstw z instytucjami mi\u0119dzynarodowymi, o\u015brodkami innowacji i uniwersytetami w celu wspierania globalnej wymiany wiedzy, pomys\u0142\u00f3w i najlepszych praktyk w edukacji biznesowej i integracji technologii.<\/li><li>Zach\u0119cajmy i wspieramy inicjatywy badawcze skupione na technologiach edukacyjnych (EdTech) w celu opracowania nowych narz\u0119dzi, platform i metod, kt\u00f3re udoskonal\u0105 nauk\u0119 w edukacji biznesowej.<\/li><li>Rozwijamy solidn\u0105 sie\u0107 ekspert\u00f3w, naukowc\u00f3w i praktyk\u00f3w w celu dzielenia si\u0119 wiedz\u0105, wsp\u00f3\u0142pracy nad projektami i nap\u0119dzania nowatorskich inicjatyw w edukacji biznesowej.<\/li><li>Zach\u0119canie do uczenia si\u0119 przez ca\u0142e \u017cycie i ci\u0105g\u0142ego rozwoju zawodowego w\u015br\u00f3d nauczycieli, student\u00f3w i profesjonalist\u00f3w, zapewniaj\u0105c dost\u0119p do innowacyjnych zasob\u00f3w i program\u00f3w szkoleniowych.<\/li><li>Anga\u017cujemy si\u0119 w rozw\u00f3j polityki i or\u0119downictwo, aby wp\u0142ywa\u0107 na polityk\u0119 i praktyki edukacyjne, zapewniaj\u0105c, \u017ce s\u0105 one zgodne z najnowszymi osi\u0105gni\u0119ciami technologicznymi i potrzebami edukacyjnymi.<\/li><li>Promujemy przedsi\u0119biorczo\u015b\u0107 spo\u0142eczn\u0105 i innowacje w sektorze edukacji, zach\u0119caj\u0105c do projekt\u00f3w i inicjatyw, kt\u00f3re maj\u0105 pozytywny wp\u0142yw spo\u0142eczny i przyczyniaj\u0105 si\u0119 do rozwoju spo\u0142eczno\u015bci.<\/li><\/ol><\/td><\/tr><\/tbody><\/table>\t\t\t\t\t\t<\/div>\n\t\t\t\t<\/div>\n\t\t\t\t<div class=\"elementor-element elementor-element-818e6f3 elementor-widget elementor-widget-text-editor\" data-id=\"818e6f3\" data-element_type=\"widget\" data-widget_type=\"text-editor.default\">\n\t\t\t\t<div class=\"elementor-widget-container\">\n\t\t\t\t\t\t\t<p><strong>Zarz\u0105d Fundacji<\/strong><\/p><p><strong>Wojciech Duranowski, <\/strong>Prezes Zarz\u0105du, doktor Szko\u0142y G\u0142\u00f3wnej Handlowej w Warszawie, autor ponad 30 publikacji naukowych z zakresu przedsi\u0119biorczo\u015bci spo\u0142ecznej, biznesu spo\u0142ecznego i zastosowa\u0144 ICT w edukacji. Posiada ponad 10-letnie do\u015bwiadczenie w nauczaniu na r\u00f3\u017cnych uniwersytetach, w tym University of Limerick Kemmy Business School oraz na wydzia\u0142ach ekonomii i zarz\u0105dzania Uniwersytetu Opolskiego i Politechniki Warszawskiej. Posiada ponad 10-letnie do\u015bwiadczenie w zarz\u0105dzaniu organizacjami pozarz\u0105dowymi, jego zainteresowania obejmuj\u0105 EdTech, Fintech i innowacyjne zastosowania technologii w edukacji. By\u0142 r\u00f3wnie\u017c profesorem wizytuj\u0105cym na Uniwersytecie KIMEP w A\u0142ma Atach (Kazachstan) oraz ekspertem ds. innowacji i przedsi\u0119biorczo\u015bci w ponad 50 projektach UE. Niedawno opublikowa\u0142 ksi\u0105\u017ck\u0119 zatytu\u0142owan\u0105 \u201eThe Trailblazers of Educational Change: An Introductory Analysis of the EdTech Market in Software Programming Education\u201d (Uniwersytet Opolski, 2021).<\/p>\t\t\t\t\t\t<\/div>\n\t\t\t\t<\/div>\n\t\t\t\t<\/div>\n\t\t\t\t\t<\/div>\n\t\t\t\t<\/div>\n\t\t\t\t<\/div>","protected":false},"excerpt":{"rendered":"<p>ABOUT US Research on Education in Business and Technology. About us The Eastern Institute of Business Education Foundation is a cutting-edge organization based in Warsaw, Poland, dedicated to advancing business education and integrating new technologies into the business world. Established as a spin-off foundation, it comprises a highly skilled team of researchers, including many PhD&hellip;<\/p>","protected":false},"author":1,"featured_media":0,"parent":0,"menu_order":0,"comment_status":"closed","ping_status":"closed","template":"","meta":{"footnotes":""},"class_list":["post-499","page","type-page","status-publish","hentry"],"_links":{"self":[{"href":"https:\/\/eibe.org.pl\/pl\/index.php?rest_route=\/wp\/v2\/pages\/499","targetHints":{"allow":["GET"]}}],"collection":[{"href":"https:\/\/eibe.org.pl\/pl\/index.php?rest_route=\/wp\/v2\/pages"}],"about":[{"href":"https:\/\/eibe.org.pl\/pl\/index.php?rest_route=\/wp\/v2\/types\/page"}],"author":[{"embeddable":true,"href":"https:\/\/eibe.org.pl\/pl\/index.php?rest_route=\/wp\/v2\/users\/1"}],"replies":[{"embeddable":true,"href":"https:\/\/eibe.org.pl\/pl\/index.php?rest_route=%2Fwp%2Fv2%2Fcomments&post=499"}],"version-history":[{"count":5,"href":"https:\/\/eibe.org.pl\/pl\/index.php?rest_route=\/wp\/v2\/pages\/499\/revisions"}],"predecessor-version":[{"id":511,"href":"https:\/\/eibe.org.pl\/pl\/index.php?rest_route=\/wp\/v2\/pages\/499\/revisions\/511"}],"wp:attachment":[{"href":"https:\/\/eibe.org.pl\/pl\/index.php?rest_route=%2Fwp%2Fv2%2Fmedia&parent=499"}],"curies":[{"name":"wp","href":"https:\/\/api.w.org\/{rel}","templated":true}]}}